{"id":11555,"date":"2025-06-30T15:25:36","date_gmt":"2025-06-30T13:25:36","guid":{"rendered":"https:\/\/cms.zdv.uni-mainz.de\/fb02-theorie-politik\/?page_id=11555"},"modified":"2025-07-31T15:01:52","modified_gmt":"2025-07-31T13:01:52","slug":"teaching","status":"publish","type":"page","link":"https:\/\/theorie.politik.uni-mainz.de\/en\/teaching\/","title":{"rendered":"Teaching"},"content":{"rendered":"<jgu-base-pageheader react-props=\"{\n    &quot;items&quot;: [\n        {\n            &quot;box&quot;: {\n                &quot;index&quot;: &quot;Political Theory and Public Policy&quot;,\n                &quot;title&quot;: &quot;Teaching&quot;,\n                &quot;link&quot;: {\n                    &quot;url&quot;: &quot;&quot;,\n                    &quot;title&quot;: &quot;learn more&quot;\n                }\n            },\n            &quot;color&quot;: &quot;default&quot;,\n            &quot;image&quot;: {\n                &quot;url&quot;: &quot;&quot;\n            },\n            &quot;imgCredit&quot;: &quot;&quot;,\n            &quot;useVideo&quot;: false,\n            &quot;video&quot;: false\n        }\n    ],\n    &quot;type&quot;: &quot;border&quot;,\n    &quot;useBreadcrumb&quot;: true,\n    &quot;align&quot;: &quot;full&quot;,\n    &quot;quicklinks&quot;: {\n        &quot;show&quot;: false,\n        &quot;selects&quot;: []\n    }\n}\">\n<\/jgu-base-pageheader><jgu-base-section react-props=\"{&quot;color&quot;:&quot;white&quot;,&quot;align&quot;:&quot;wide&quot;,&quot;padding&quot;:&quot;medium&quot;}\">\n<div class=\"jgu-bgsection bg bg-white\"><div class=\"content padding-medium\">\n<p>The basic module Political Theory offers an introduction to the following topics:<\/p>\n\n\n\n<ul class=\"wp-block-list\">\n<li>Philosophy of science<\/li>\n\n\n\n<li>Normative and empirical political theories<\/li>\n\n\n\n<li>Introduction to the history of political ideas<\/li>\n\n\n\n<li>Contemporary democratic theory<\/li>\n\n\n\n<li>Contemporary theory of justice<\/li>\n<\/ul>\n\n\n\n<p>In the seminars in advanced modules and in the master&#8217;s degree programs:<\/p>\n\n\n\n<ul class=\"wp-block-list\">\n<li>Lecture courses on important authors and works of political theory<\/li>\n\n\n\n<li>Seminars on specific currents and paradigms in political theory, e.g. deliberative theories of democracy<\/li>\n\n\n\n<li>Seminars that discuss current issues and challenges (e.g. climate crisis, populism, social inequality) against the background of normative and empirical political theories<\/li>\n<\/ul>\n\n\n\n<p>In the Master&#8217;s degree in Political Economy and International Relations, the department is also responsible for Module 1 (Research Methods) and organizes the lecture series on research methods as well as the small group on research methods (headed by Cornelia Frings) and offers seminars on qualitative methods.<\/p>\n\n\n\n<div style=\"height:50px\" aria-hidden=\"true\" class=\"wp-block-spacer\"><\/div>\n\n\n\n<p>Here you will find an overview of the courses offered in the current semester:<\/p>\n\n\n\t<ol class=\"wp-block-list has-big-font-size\">\n\t\t\t\t\t<li>\n\t\t\t<a href=\"?event_id=394143933214902&amp;skip_groups=false\">\n\t\t\t\tBasissem Politische Theorie<\/a><br>\n\t\t\t\tInstructor: Dr. Maria Paola Ferretti; Dr. Cornelia Frings; Julian Frinken\t\t\t\t\t\t<\/li>\n\t\t\t\t\t<li>\n\t\t\t<a href=\"?event_id=394143934755147&amp;skip_groups=false\">\n\t\t\t\tEinf. BA Politikwissenschaft\/BEd Sozialkunde: Einf\u00fchrungsveranstaltung f\u00fcr Erstsemester und Hochschulortwechsler<\/a><br>\n\t\t\t\tInstructor: Univ.-Prof. Dr. Helen Callaghan; Dr. habil. Jasmin Fitzpatrick; Dr. Cornelia Frings; May Jehle; Victoria Kr\u00fcger; Dr. Christoph Wagner\t\t\t\t\t\t<\/li>\n\t\t\t\t\t<li>\n\t\t\t<a href=\"?event_id=394143932988837&amp;skip_groups=false\">\n\t\t\t\tEinf. MA PDF, MA P\u00d6IB  UND MEd Sozialkunde : Einf\u00fchrungsveranstaltung f\u00fcr Erstsemester und Hochschulortwechsler und interessierte BA-Studierende<\/a><br>\n\t\t\t\tInstructor: Dr. Annette Schmitt\t\t\t\t\t\t<\/li>\n\t\t\t\t\t<li>\n\t\t\t<a href=\"?event_id=394143936788547&amp;skip_groups=false\">\n\t\t\t\tKoll Examenskolloquium Bereich Theorie<\/a><br>\n\t\t\t\tInstructor: Univ.-Prof. Dr. Claudia Landwehr\t\t\t\t\t\t<\/li>\n\t\t\t\t\t<li>\n\t\t\t<a href=\"?event_id=394143936619536&amp;skip_groups=false\">\n\t\t\t\tPraktikum Bachelor- und Masterstudieng\u00e4nge<\/a><br>\n\t\t\t\tInstructor: Dr. Alexandru Filip; Dr. Annette Schmitt; Dr. Nils Steiner\t\t\t\t\t\t<\/li>\n\t\t\t\t\t<li>\n\t\t\t<a href=\"?event_id=394143936069418&amp;skip_groups=false\">\n\t\t\t\tSem (BA\/MEd) Wehrhafte Demokratie: Theoretische Grundlagen, Instrumente und Debatten<\/a><br>\n\t\t\t\tInstructor: Dr. Kevin Walz\t\t\t\t\t\t<\/li>\n\t\t\t\t\t<li>\n\t\t\t<a href=\"?event_id=394143937139599&amp;skip_groups=false\">\n\t\t\t\tSem (BA\/MEd\/MA-EU) Democratic public discource and free speech<\/a><br>\n\t\t\t\tInstructor: Dr. Maria Paola Ferretti\t\t\t\t\t\t<\/li>\n\t\t\t\t\t<li>\n\t\t\t<a href=\"?event_id=394143937357626&amp;skip_groups=false\">\n\t\t\t\tSem (MA) Empirische Theorien in der Policy-Forschung<\/a><br>\n\t\t\t\tInstructor: Dr. Cornelia Frings\t\t\t\t\t\t<\/li>\n\t\t\t\t\t<li>\n\t\t\t<a href=\"?event_id=394143936082423&amp;skip_groups=false\">\n\t\t\t\tSem (MA) Politik der Angst<\/a><br>\n\t\t\t\tInstructor: Dr. Annette Schmitt\t\t\t\t\t\t<\/li>\n\t\t\t\t\t<li>\n\t\t\t<a href=\"?event_id=394143937460658&amp;skip_groups=false\">\n\t\t\t\tSem (Zertifikat\/BA\/MEd (nur, wenn noch Pl\u00e4tze frei sind)) Wassersicherheit im Klimawandel: Herausforderungen und politische L\u00f6sungsans\u00e4tze<\/a><br>\n\t\t\t\tInstructor: Dr. Cornelia Frings\t\t\t\t\t\t<\/li>\n\t\t\t\t\t<li>\n\t\t\t<a href=\"?event_id=394143934528103&amp;skip_groups=false\">\n\t\t\t\tV Einf\u00fchrung in Analyse und Vergleich politischer Systeme<\/a><br>\n\t\t\t\tInstructor: Dr. Nils Steiner\t\t\t\t\t\t<\/li>\n\t\t\t\t\t<li>\n\t\t\t<a href=\"?event_id=394143935396284&amp;skip_groups=false\">\n\t\t\t\tV Einf\u00fchrung in die Politikwissenschaft<\/a><br>\n\t\t\t\tInstructor: Dr. Annette Schmitt\t\t\t\t\t\t<\/li>\n\t\t\t\t\t<li>\n\t\t\t<a href=\"?event_id=393935347996252&amp;skip_groups=false\">\n\t\t\t\tV Forschungswerkstatt<\/a><br>\n\t\t\t\tInstructor: Univ.-Prof. Dr. Claudia Landwehr\t\t\t\t\t\t<\/li>\n\t\t\t\t\t<li>\n\t\t\t<a href=\"?event_id=394143935550314&amp;skip_groups=false\">\n\t\t\t\tV Thema Bereich Politische Theorie: Zeitgen\u00f6ssische Demokratietheorie<\/a><br>\n\t\t\t\tInstructor: Univ.-Prof. Dr. Claudia Landwehr\t\t\t\t\t\t<\/li>\n\t\t<\/ol>\n\t<hr>\n<p>\n\tSoSe 2026\t<\/p>\n\n\n\n<jgu-base-button style=\"display: flex; flex-wrap: wrap; column-gap: 30px; max-width: 100%; flex-direction: row; justify-content: left\">\n  \n<jgu-base-buttonitem react-props=\"{\n    &quot;text&quot;: &quot;Examinations in the area&quot;,\n    &quot;link&quot;: {\n        &quot;url&quot;: &quot;https:\\\/\\\/cms.zdv.uni-mainz.de\\\/fb02-theorie-politik\\\/en\\\/pruefungen\\\/&quot;,\n        &quot;linkTarget&quot;: &quot;&quot;,\n        &quot;rel&quot;: &quot;&quot;\n    },\n    &quot;align&quot;: &quot;left&quot;,\n    &quot;styling&quot;: &quot;primary&quot;,\n    &quot;icon&quot;: &quot;arrow-right-solid&quot;,\n    &quot;type&quot;: &quot;default&quot;,\n    &quot;iconBefore&quot;: false,\n    &quot;isSmall&quot;: false,\n    &quot;fullWidth&quot;: false,\n    &quot;className&quot;: &quot;&quot;\n}\"><\/jgu-base-buttonitem>\n\n<jgu-base-buttonitem react-props=\"{\n    &quot;text&quot;: &quot;Information about the program of study at the institute &lt;br&gt;\\\/\\\/ LINK GGF. ADAPT NOW&quot;,\n    &quot;link&quot;: {\n        &quot;url&quot;: &quot;https:\\\/\\\/politik.uni-mainz.de\\\/startseite-institut-fuer-politikwissenschaft\\\/studierende\\\/&quot;,\n        &quot;linkTarget&quot;: &quot;&quot;,\n        &quot;rel&quot;: &quot;&quot;\n    },\n    &quot;align&quot;: &quot;left&quot;,\n    &quot;styling&quot;: &quot;primary&quot;,\n    &quot;icon&quot;: &quot;arrow-right-solid&quot;,\n    &quot;type&quot;: &quot;default&quot;,\n    &quot;iconBefore&quot;: false,\n    &quot;isSmall&quot;: false,\n    &quot;fullWidth&quot;: false,\n    &quot;className&quot;: &quot;&quot;\n}\"><\/jgu-base-buttonitem>\n\n<\/jgu-base-button><\/div><\/div>\n<\/jgu-base-section>    <div style=\"display: none\">\n        \n    <\/div>","protected":false},"excerpt":{"rendered":"","protected":false},"author":2025,"featured_media":0,"parent":0,"menu_order":0,"comment_status":"closed","ping_status":"closed","template":"","meta":{"footnotes":""},"categories":[71],"tags":[],"class_list":["post-11555","page","type-page","status-publish","hentry","category-teaching"],"content_raw":"<!-- wp:jgu\/pageheader {\"items\":[{\"box\":{\"index\":\"Political Theory and Public Policy\",\"title\":\"Teaching\",\"link\":{\"url\":\"\",\"title\":\"learn more\"}},\"color\":\"default\",\"image\":{\"url\":\"\"},\"imgCredit\":\"\",\"useVideo\":false,\"video\":false}],\"type\":\"border\",\"useBreadcrumb\":true} \/--><!-- wp:jgu\/section {\"color\": \"white\"} -->\n<div class=\"jgu-bgsection bg bg-white\"><div class=\"content padding-medium\"><!-- wp:paragraph {\"translatedWithWPMLTM\":\"1\"} -->\n<p>The basic module Political Theory offers an introduction to the following topics:<\/p>\n<!-- \/wp:paragraph -->\n\n<!-- wp:list -->\n<ul><!-- wp:list-item {\"translatedWithWPMLTM\":\"1\"} -->\n<li>Philosophy of science<\/li>\n<!-- \/wp:list-item -->\n\n<!-- wp:list-item {\"translatedWithWPMLTM\":\"1\"} -->\n<li>Normative and empirical political theories<\/li>\n<!-- \/wp:list-item -->\n\n<!-- wp:list-item {\"translatedWithWPMLTM\":\"1\"} -->\n<li>Introduction to the history of political ideas<\/li>\n<!-- \/wp:list-item -->\n\n<!-- wp:list-item {\"translatedWithWPMLTM\":\"1\"} -->\n<li>Contemporary democratic theory<\/li>\n<!-- \/wp:list-item -->\n\n<!-- wp:list-item {\"translatedWithWPMLTM\":\"1\"} -->\n<li>Contemporary theory of justice<\/li>\n<!-- \/wp:list-item --><\/ul>\n<!-- \/wp:list -->\n\n<!-- wp:paragraph {\"translatedWithWPMLTM\":\"1\"} -->\n<p>In the seminars in advanced modules and in the master's degree programs:<\/p>\n<!-- \/wp:paragraph -->\n\n<!-- wp:list -->\n<ul><!-- wp:list-item {\"translatedWithWPMLTM\":\"1\"} -->\n<li>Lecture courses on important authors and works of political theory<\/li>\n<!-- \/wp:list-item -->\n\n<!-- wp:list-item {\"translatedWithWPMLTM\":\"1\"} -->\n<li>Seminars on specific currents and paradigms in political theory, e.g. deliberative theories of democracy<\/li>\n<!-- \/wp:list-item -->\n\n<!-- wp:list-item {\"translatedWithWPMLTM\":\"1\"} -->\n<li>Seminars that discuss current issues and challenges (e.g. climate crisis, populism, social inequality) against the background of normative and empirical political theories<\/li>\n<!-- \/wp:list-item --><\/ul>\n<!-- \/wp:list -->\n\n<!-- wp:paragraph {\"translatedWithWPMLTM\":\"1\"} -->\n<p>In the Master's degree in Political Economy and International Relations, the department is also responsible for Module 1 (Research Methods) and organizes the lecture series on research methods as well as the small group on research methods (headed by Cornelia Frings) and offers seminars on qualitative methods.<\/p>\n<!-- \/wp:paragraph -->\n\n<!-- wp:spacer {\"height\":\"50px\"} -->\n<div style=\"height:50px\" aria-hidden=\"true\" class=\"wp-block-spacer\"><\/div>\n<!-- \/wp:spacer -->\n\n<!-- wp:paragraph {\"translatedWithWPMLTM\":\"1\"} -->\n<p>Here you will find an overview of the courses offered in the current semester:<\/p>\n<!-- \/wp:paragraph -->\n\n<!-- wp:jgu\/jogustine {\"orgunit\":\"Politikwissenschaft\",\"instructor\":\"Claudia Landwehr, Maria Paola Ferretti, Cornelia Frings, Eva Krick, Nils Steiner, Annette Schmitt, Julian Frinken, Leonard H\u00e4fner, Lea Stallbaum, Kevin Walz\"} \/-->\n\n<!-- wp:jgu\/button -->\n<!-- wp:jgu\/button-item {\"text\":\"Examinations in the area\",\"link\":{\"url\":\"https:\/\/cms.zdv.uni-mainz.de\/fb02-theorie-politik\/en\/pruefungen\/\",\"linkTarget\":\"\",\"rel\":\"\"}} \/-->\n\n<!-- wp:jgu\/button-item {\"text\":\"Information about the program of study at the institute \\u003cbr\\u003e\/\/ LINK GGF. ADAPT NOW\",\"link\":{\"url\":\"https:\/\/politik.uni-mainz.de\/startseite-institut-fuer-politikwissenschaft\/studierende\/\",\"linkTarget\":\"\",\"rel\":\"\"}} \/-->\n<!-- \/wp:jgu\/button --><\/div><\/div>\n<!-- \/wp:jgu\/section -->","_links":{"self":[{"href":"https:\/\/theorie.politik.uni-mainz.de\/en\/wp-json\/wp\/v2\/pages\/11555","targetHints":{"allow":["GET"]}}],"collection":[{"href":"https:\/\/theorie.politik.uni-mainz.de\/en\/wp-json\/wp\/v2\/pages"}],"about":[{"href":"https:\/\/theorie.politik.uni-mainz.de\/en\/wp-json\/wp\/v2\/types\/page"}],"author":[{"embeddable":true,"href":"https:\/\/theorie.politik.uni-mainz.de\/en\/wp-json\/wp\/v2\/users\/2025"}],"replies":[{"embeddable":true,"href":"https:\/\/theorie.politik.uni-mainz.de\/en\/wp-json\/wp\/v2\/comments?post=11555"}],"version-history":[{"count":2,"href":"https:\/\/theorie.politik.uni-mainz.de\/en\/wp-json\/wp\/v2\/pages\/11555\/revisions"}],"predecessor-version":[{"id":11581,"href":"https:\/\/theorie.politik.uni-mainz.de\/en\/wp-json\/wp\/v2\/pages\/11555\/revisions\/11581"}],"wp:attachment":[{"href":"https:\/\/theorie.politik.uni-mainz.de\/en\/wp-json\/wp\/v2\/media?parent=11555"}],"wp:term":[{"taxonomy":"category","embeddable":true,"href":"https:\/\/theorie.politik.uni-mainz.de\/en\/wp-json\/wp\/v2\/categories?post=11555"},{"taxonomy":"post_tag","embeddable":true,"href":"https:\/\/theorie.politik.uni-mainz.de\/en\/wp-json\/wp\/v2\/tags?post=11555"}],"curies":[{"name":"wp","href":"https:\/\/api.w.org\/{rel}","templated":true}]}}